{"id":76,"date":"2018-11-29T14:27:12","date_gmt":"2018-11-29T14:27:12","guid":{"rendered":"https:\/\/www.piscinacomunaleriva.it\/?page_id=76"},"modified":"2018-11-29T14:28:57","modified_gmt":"2018-11-29T14:28:57","slug":"cookiepolicy","status":"publish","type":"page","link":"https:\/\/piscinacomunaleriva.it\/?page_id=76","title":{"rendered":"Cookie Policy"},"content":{"rendered":"<p style=\"text-align: justify;\">Il Titolare del trattamento dei dati acquisiti con il presente sito \u00e8 la societ\u00e0 Altogarda Parcheggi e Mobilit\u00e0 Srl con sede a Riva del Garda (TN), Via C.H Von Hartungen, 4, presso i cui recapiti possono essere richieste tutte le informazioni del caso.<br \/>\nI cookies sono file di testo memorizzati dai computer o dai dispositivi mobili, nel momento in cui si visita un sito web. Sono comunemente utilizzati per far funzionare i siti internet o farli funzionare in maniera pi\u00f9 efficiente e registrare dati anonimi e personali dell\u2019utente che saranno utilizzati per semplificare futuri utilizzi del sito. I cookie contengono informazioni diverse e sono utilizzati per scopi differenti (navigazione efficiente nelle pagine di un medesimo sito, profilazione al fine di inviare messaggi promozionali mirati, analisi sul numero delle visite al sito).<\/p>\n<p style=\"text-align: justify;\">Nel corso della navigazione l&#8217;utente pu\u00f2 ricevere sul suo terminale anche cookie inviati da siti o da web server diversi c.d. \u201cterze parti\u201d, sui quali possono risiedere alcuni elementi presenti sul sito che l&#8217;utente sta visitando. Pi\u00f9 in generale, alcuni cookie, definiti &#8220;cookie di sessione&#8221; sono assegnati al dispositivo dell&#8217;utente soltanto per la durata dell&#8217;accesso al sito e scadono automaticamente alla chiusura del browser. Altri cookie, definiti \u201cpersistenti\u201d restano nel dispositivo per un periodo di tempo prolungato.\u00a0 Le specifiche finalit\u00e0 delle diverse tipologie di cookie installati in questo sito sono di seguito descritte.<\/p>\n<p style=\"text-align: justify;\">Di seguito si indicano i cookies attivati sul sito con alcune relative informazioni:<\/p>\n<p style=\"text-align: justify;\"><strong>Cookie tecnici: <\/strong>si tratta di cookie utilizzati specificamente per permettere il corretto funzionamento e la fruizione dei nostri siti. I cookie tecnici vengono ad esempio utilizzati per la funzionalit\u00e0 di login dell\u2019utente. L\u2019utilizzo dei predetti cookie da parte del titolare ed i trattamenti ad essi correlati non necessitano del preventivo consenso dell\u2019utente in quanto necessari per rendere disponibili i contenuti pubblicati su questo sito. L\u2019interessato pu\u00f2 sempre disabilitare tali applicazioni mediante le impostazioni del proprio browser tuttavia la loro disattivazione potrebbe compromettere in tutto o in parte alcune funzioni della navigazione.<\/p>\n<p style=\"text-align: justify;\"><strong>C<\/strong><strong>ookie di terze parti: i<\/strong>l trattamento dei dati personali conseguenti all\u2019attivazione dei cookie di terze parti non \u00e8 di competenza del titolare. Per le informative e per disattivare i cookie di profilazione erogati da terze parti vai sul sito <a href=\"http:\/\/www.youronlinechoices.com\/it\">www.youronlinechoices.com\/it<\/a><\/p>\n<p style=\"text-align: justify;\"><strong>Cookie analitici: <\/strong>si tratta di cookie utilizzati per analisi statistiche, per migliorare il sito e semplificarne l&#8217;utilizzo oltre che per monitorarne il corretto funzionamento. Questo tipo di cookie raccoglie informazioni in forma anonima sull&#8217;attivit\u00e0 degli utenti nel sito. Questo tipo di cookie viene erogato esclusivamente da terze parti. Per le informative e per disattivare i cookie analitici di terze parti vai sul sito <a href=\"http:\/\/www.youronlinechoices.com\/it\">www.youronlinechoices.com\/it<\/a><\/p>\n<p style=\"text-align: justify;\"><strong>Conferimento dei dati &#8211; disabilitazione dei cookies<\/strong><\/p>\n<p style=\"text-align: justify;\">Fatta eccezione per i cookie tecnici necessari alla normale navigazione, il conferimento del consenso relativo all\u2019attivazione di cookies di terze parti \u00e8 rimesso alla volont\u00e0 dell&#8217;interessato che decida di navigare sul sito dopo aver preso visione dell&#8217;informativa breve contenuta nell&#8217;apposito banner e di usufruire dei servizi che comportano l&#8217;installazione di cookie e pu\u00f2 essere revocato in ogni momento secondo quanto sopra indicato. Di seguito forniamo i link che spiegano come disabilitare i cookie per i browser pi\u00f9 diffusi (per altri browser eventualmente utilizzati suggeriamo di cercare questa opzione nell\u2019help del software normalmente):<\/p>\n<p style=\"text-align: justify;\">\n<p style=\"text-align: justify;\"><strong>Internet Explorer: <\/strong><a href=\"http:\/\/windows.microsoft.com\/it-IT\/windows7\/Block-enable-or-allow-cookies\">http:\/\/windows.microsoft.com\/it-IT\/windows7\/Block-enable-or-allow-cookies<\/a><\/p>\n<p style=\"text-align: justify;\"><strong>Google Chrome: <\/strong><a href=\"https:\/\/support.google.com\/chrome\/bin\/answer.py?hl=it-IT&amp;answer=95647&amp;p=cpn_cookies;\">https:\/\/support.google.com\/chrome\/bin\/answer.py?hl=it-IT&amp;answer=95647&amp;p=cpn_cookies;<\/a><\/p>\n","protected":false},"excerpt":{"rendered":"<p>Il Titolare del trattamento dei dati acquisiti con il presente sito \u00e8 la societ\u00e0 Altogarda Parcheggi e Mobilit\u00e0 Srl con sede a Riva del Garda (TN), Via C.H Von Hartungen, 4, presso i cui recapiti possono essere richieste tutte le informazioni del caso. I cookies sono file di testo memorizzati dai computer o dai dispositivi &#8230; <a title=\"Cookie Policy\" class=\"read-more\" href=\"https:\/\/piscinacomunaleriva.it\/?page_id=76\" aria-label=\"Per saperne di pi\u00f9 su Cookie Policy\">Leggi tutto<\/a><\/p>\n","protected":false},"author":2,"featured_media":0,"parent":0,"menu_order":0,"comment_status":"closed","ping_status":"closed","template":"","meta":{"footnotes":""},"class_list":["post-76","page","type-page","status-publish"],"_links":{"self":[{"href":"https:\/\/piscinacomunaleriva.it\/index.php?rest_route=\/wp\/v2\/pages\/76","targetHints":{"allow":["GET"]}}],"collection":[{"href":"https:\/\/piscinacomunaleriva.it\/index.php?rest_route=\/wp\/v2\/pages"}],"about":[{"href":"https:\/\/piscinacomunaleriva.it\/index.php?rest_route=\/wp\/v2\/types\/page"}],"author":[{"embeddable":true,"href":"https:\/\/piscinacomunaleriva.it\/index.php?rest_route=\/wp\/v2\/users\/2"}],"replies":[{"embeddable":true,"href":"https:\/\/piscinacomunaleriva.it\/index.php?rest_route=%2Fwp%2Fv2%2Fcomments&post=76"}],"version-history":[{"count":2,"href":"https:\/\/piscinacomunaleriva.it\/index.php?rest_route=\/wp\/v2\/pages\/76\/revisions"}],"predecessor-version":[{"id":78,"href":"https:\/\/piscinacomunaleriva.it\/index.php?rest_route=\/wp\/v2\/pages\/76\/revisions\/78"}],"wp:attachment":[{"href":"https:\/\/piscinacomunaleriva.it\/index.php?rest_route=%2Fwp%2Fv2%2Fmedia&parent=76"}],"curies":[{"name":"wp","href":"https:\/\/api.w.org\/{rel}","templated":true}]}}