{"id":239,"date":"2019-07-01T13:24:37","date_gmt":"2019-07-01T13:24:37","guid":{"rendered":"https:\/\/www.piscinacomunaleriva.it\/?page_id=239"},"modified":"2025-12-01T14:34:25","modified_gmt":"2025-12-01T14:34:25","slug":"orari","status":"publish","type":"page","link":"https:\/\/piscinacomunaleriva.it\/?page_id=239","title":{"rendered":"Orari"},"content":{"rendered":"<p><span style=\"text-decoration: underline;\"><span style=\"color: #000080;\"><strong>Orari &#8220;Nuoto libero&#8221; dal 22 dicembre 2025 al 6 gennaio 2026 (dal 7 gennaio riprende la normale attivit\u00e0)<\/strong><\/span><\/span><\/p>\n<table style=\"height: 492px; width: 99.8748%; border-collapse: collapse;\">\n<tbody>\n<tr style=\"height: 32px;\">\n<td style=\"width: 25.5939%; height: 32px;\">Luned\u00ec 22 dicembre<\/td>\n<td style=\"width: 17.9815%; height: 32px; text-align: center;\"><strong>06.15*<\/strong> &#8211; 16.30<\/td>\n<td style=\"width: 19.3174%; height: 32px; text-align: center;\" colspan=\"2\">18.00 &#8211; 21.00<\/td>\n<\/tr>\n<tr style=\"height: 32px;\">\n<td style=\"width: 25.5939%; height: 32px;\">Marted\u00ec 23 dicembre<\/td>\n<td style=\"width: 17.9815%; height: 32px; text-align: center;\"><strong>06.15*<\/strong> &#8211; 16.30<\/td>\n<td style=\"width: 19.3174%; height: 32px; text-align: center;\" colspan=\"2\">18.00 &#8211; 21.00<\/td>\n<\/tr>\n<tr style=\"height: 32px;\">\n<td style=\"width: 25.5939%; height: 32px;\">Mercoled\u00ec 24 dicembre<\/td>\n<td style=\"width: 17.9815%; height: 32px; text-align: center;\" colspan=\"3\">Chiuso<\/td>\n<\/tr>\n<tr style=\"height: 32px;\">\n<td style=\"width: 25.5939%; height: 32px;\">Gioved\u00ec 25 dicembre<\/td>\n<td style=\"width: 17.9815%; height: 32px; text-align: center;\" colspan=\"3\">Chiuso<\/td>\n<\/tr>\n<tr style=\"height: 32px;\">\n<td style=\"width: 25.5939%; height: 32px;\">Venerd\u00ec 26 dicembre<\/td>\n<td style=\"width: 17.9815%; height: 32px; text-align: center;\" colspan=\"3\">Chiuso<\/td>\n<\/tr>\n<tr style=\"height: 32px;\">\n<td style=\"width: 25.5939%; height: 32px;\">Sabato 27 dicembre<\/td>\n<td style=\"width: 37.2989%; text-align: center; height: 32px;\" colspan=\"3\">8.30 &#8211; 19.30<\/td>\n<\/tr>\n<tr style=\"height: 20px;\">\n<td style=\"width: 25.5939%; height: 32px;\">Domenica 28 dicembre<\/td>\n<td style=\"text-align: center; height: 32px;\" colspan=\"3\">8.30 &#8211; 12.30<\/td>\n<\/tr>\n<tr style=\"height: 30px;\">\n<td style=\"width: 25.5939%; height: 30px;\">Luned\u00ec 29 dicembre<\/td>\n<td style=\"text-align: center; height: 30px;\" colspan=\"3\"><strong>06.15*<\/strong> &#8211; 21.00<\/td>\n<\/tr>\n<tr style=\"height: 30px;\">\n<td style=\"width: 25.5939%; height: 30px;\">Marted\u00ec 30 dicembre<\/td>\n<td style=\"text-align: center; height: 30px;\" colspan=\"3\"><strong>06.15*<\/strong> &#8211; 21.00<\/td>\n<\/tr>\n<tr style=\"height: 30px;\">\n<td style=\"width: 25.5939%; height: 30px;\">Mercoled\u00ec 31 dicembre<\/td>\n<td style=\"text-align: center; height: 30px;\" colspan=\"3\">Chiuso<\/td>\n<\/tr>\n<tr style=\"height: 28px;\">\n<td style=\"width: 25.5939%; height: 28px;\">Gioved\u00ec 1 gennaio<\/td>\n<td style=\"text-align: center; height: 28px;\" colspan=\"3\">Chiuso<\/td>\n<\/tr>\n<tr style=\"height: 27px;\">\n<td style=\"width: 25.5939%; height: 27px;\">Venerd\u00ec 2 gennaio<\/td>\n<td style=\"text-align: center; height: 27px;\" colspan=\"3\"><strong>06.15*<\/strong> &#8211; 19.30<\/td>\n<\/tr>\n<tr style=\"height: 29px;\">\n<td style=\"width: 25.5939%; height: 29px;\">Sabato 3 gennaio<\/td>\n<td style=\"text-align: center; height: 29px;\" colspan=\"3\">8.30 &#8211; 19.30<\/td>\n<\/tr>\n<tr style=\"height: 27px;\">\n<td style=\"width: 25.5939%; height: 27px;\">Domenica 4 gennaio<\/td>\n<td style=\"text-align: center; height: 27px;\" colspan=\"3\">8.30 &#8211; 12.30<\/td>\n<\/tr>\n<tr style=\"height: 29px;\">\n<td style=\"width: 25.5939%; height: 29px;\">Luned\u00ec 5 gennaio<\/td>\n<td style=\"text-align: center; height: 29px;\" colspan=\"3\">Chiuso<\/td>\n<\/tr>\n<tr style=\"height: 38px;\">\n<td style=\"width: 25.5939%; height: 38px;\">Marted\u00ec 6 gennaio<\/td>\n<td style=\"width: 37.2989%; text-align: center; height: 38px;\" colspan=\"3\">Chiuso<\/td>\n<\/tr>\n<\/tbody>\n<\/table>\n<p><strong>* Apertura mattutina <\/strong><strong>6.15-8.30 <\/strong><strong>riservata agli Abbonati. \/ 6.15 &#8211; 8.30 a.m. f<\/strong><strong>or subscription holders only.<\/strong><\/p>\n<p><span style=\"text-decoration: underline;\"><span style=\"color: #000080;\"><strong>Orari &#8220;Nuoto libero&#8221; dal 13 ottobre\u00a0 2025\u00a0<\/strong><\/span><\/span><\/p>\n<table style=\"height: 224px; width: 99.8748%; border-collapse: collapse;\">\n<tbody>\n<tr style=\"height: 32px;\">\n<td style=\"width: 25.5939%; height: 32px;\">Luned\u00ec<\/td>\n<td style=\"width: 17.9815%; height: 32px; text-align: center;\"><strong>06.15*<\/strong> &#8211; 16.30<\/td>\n<td style=\"width: 19.3174%; height: 32px; text-align: center;\" colspan=\"2\">19.30 &#8211; 21.00<\/td>\n<\/tr>\n<tr style=\"height: 32px;\">\n<td style=\"width: 25.5939%; height: 32px;\">Marted\u00ec<\/td>\n<td style=\"width: 17.9815%; height: 32px; text-align: center;\"><strong>06.15*<\/strong> &#8211; 16.30<\/td>\n<td style=\"width: 19.3174%; height: 32px; text-align: center;\" colspan=\"2\">19.30 &#8211; 21.00<\/td>\n<\/tr>\n<tr style=\"height: 32px;\">\n<td style=\"width: 25.5939%; height: 32px;\">Mercoled\u00ec<\/td>\n<td style=\"width: 17.9815%; height: 32px; text-align: center;\"><strong>06.15*<\/strong> &#8211; 16.30<\/td>\n<td style=\"width: 19.3174%; height: 32px; text-align: center;\" colspan=\"2\">19.30 &#8211; 21.00<\/td>\n<\/tr>\n<tr style=\"height: 32px;\">\n<td style=\"width: 25.5939%; height: 32px;\">Gioved\u00ec<\/td>\n<td style=\"width: 17.9815%; height: 32px; text-align: center;\"><strong>06.15*<\/strong> &#8211; 16.30<\/td>\n<td style=\"height: 32px; text-align: center;\" colspan=\"2\">19.30 &#8211; 21.00<\/td>\n<\/tr>\n<tr style=\"height: 32px;\">\n<td style=\"width: 25.5939%; height: 32px;\">Venerd\u00ec<\/td>\n<td style=\"width: 17.9815%; height: 32px; text-align: center;\"><strong style=\"text-align: center;\">06.15*<\/strong><span style=\"text-align: center;\"> &#8211; 16.30<\/span><\/td>\n<td style=\"width: 19.3174%; height: 32px; text-align: center;\" colspan=\"2\">&#8211;<\/td>\n<\/tr>\n<tr style=\"height: 32px;\">\n<td style=\"width: 25.5939%; height: 32px;\">Sabato<\/td>\n<td style=\"width: 37.2989%; text-align: center; height: 32px;\" colspan=\"3\">8.30 &#8211; 19.30<\/td>\n<\/tr>\n<tr style=\"height: 20px;\">\n<td style=\"width: 25.5939%; height: 32px;\">Domenica<\/td>\n<td style=\"width: 37.2989%; text-align: center; height: 32px;\" colspan=\"3\">8.30 &#8211; 12.30<\/td>\n<\/tr>\n<\/tbody>\n<\/table>\n<p><strong>* Apertura mattutina <\/strong><strong>6.15-8.30 <\/strong><strong>riservata agli Abbonati. \/ 6.15 &#8211; 8.30 a.m. f<\/strong><strong>or subscription holders only.<\/strong><\/p>\n<p>&nbsp;<\/p>\n","protected":false},"excerpt":{"rendered":"<p>Orari &#8220;Nuoto libero&#8221; dal 22 dicembre 2025 al 6 gennaio 2026 (dal 7 gennaio riprende la normale attivit\u00e0) Luned\u00ec 22 dicembre 06.15* &#8211; 16.30 18.00 &#8211; 21.00 Marted\u00ec 23 dicembre 06.15* &#8211; 16.30 18.00 &#8211; 21.00 Mercoled\u00ec 24 dicembre Chiuso Gioved\u00ec 25 dicembre Chiuso Venerd\u00ec 26 dicembre Chiuso Sabato 27 dicembre 8.30 &#8211; 19.30 Domenica &#8230; <a title=\"Orari\" class=\"read-more\" href=\"https:\/\/piscinacomunaleriva.it\/?page_id=239\" aria-label=\"Per saperne di pi\u00f9 su Orari\">Leggi tutto<\/a><\/p>\n","protected":false},"author":3,"featured_media":0,"parent":0,"menu_order":0,"comment_status":"closed","ping_status":"closed","template":"","meta":{"footnotes":""},"class_list":["post-239","page","type-page","status-publish"],"_links":{"self":[{"href":"https:\/\/piscinacomunaleriva.it\/index.php?rest_route=\/wp\/v2\/pages\/239","targetHints":{"allow":["GET"]}}],"collection":[{"href":"https:\/\/piscinacomunaleriva.it\/index.php?rest_route=\/wp\/v2\/pages"}],"about":[{"href":"https:\/\/piscinacomunaleriva.it\/index.php?rest_route=\/wp\/v2\/types\/page"}],"author":[{"embeddable":true,"href":"https:\/\/piscinacomunaleriva.it\/index.php?rest_route=\/wp\/v2\/users\/3"}],"replies":[{"embeddable":true,"href":"https:\/\/piscinacomunaleriva.it\/index.php?rest_route=%2Fwp%2Fv2%2Fcomments&post=239"}],"version-history":[{"count":102,"href":"https:\/\/piscinacomunaleriva.it\/index.php?rest_route=\/wp\/v2\/pages\/239\/revisions"}],"predecessor-version":[{"id":2192,"href":"https:\/\/piscinacomunaleriva.it\/index.php?rest_route=\/wp\/v2\/pages\/239\/revisions\/2192"}],"wp:attachment":[{"href":"https:\/\/piscinacomunaleriva.it\/index.php?rest_route=%2Fwp%2Fv2%2Fmedia&parent=239"}],"curies":[{"name":"wp","href":"https:\/\/api.w.org\/{rel}","templated":true}]}}